{"id":607,"date":"2022-11-03T21:14:10","date_gmt":"2022-11-03T20:14:10","guid":{"rendered":"http:\/\/nids.se\/?page_id=607"},"modified":"2022-11-05T17:17:40","modified_gmt":"2022-11-05T16:17:40","slug":"nids-svenska","status":"publish","type":"page","link":"http:\/\/nids.se\/sv\/","title":{"rendered":"NIDS (svenska)"},"content":{"rendered":"<div class=\"wp-block-image\">\n<figure class=\"alignright\"><a href=\"http:\/\/nids.se\/wp-content\/uploads\/2014\/04\/Bild-150-Annika-bra-bild-passfotostorlek-640x480.jpg\"><img decoding=\"async\" loading=\"lazy\" width=\"261\" height=\"300\" src=\"http:\/\/nids.se\/wp-content\/uploads\/2014\/04\/Bild-150-Annika-bra-bild-passfotostorlek-640x480-261x300.jpg\" alt=\"Annika Nilsson\" class=\"wp-image-8\" srcset=\"http:\/\/nids.se\/wp-content\/uploads\/2014\/04\/Bild-150-Annika-bra-bild-passfotostorlek-640x480-261x300.jpg 261w, http:\/\/nids.se\/wp-content\/uploads\/2014\/04\/Bild-150-Annika-bra-bild-passfotostorlek-640x480.jpg 419w\" sizes=\"(max-width: 261px) 100vw, 261px\" \/><\/a><\/figure><\/div>\n\n\n<p>NIDS \u00e4r en konsultfirma som bygger sitt arbete p\u00e5&nbsp;m\u00e4nskliga r\u00e4ttigheter och ett starkt&nbsp;engagemang f\u00f6r&nbsp;en h\u00e5llbar utveckling. NIDS hj\u00e4lper organisationer som k\u00e4mpar f\u00f6r m\u00e4nskliga r\u00e4ttigheter att bli mer effektiva. NIDS st\u00f6djer myndigheter och f\u00f6retag att leva upp till sina \u00e5taganden.<\/p>\n\n\n\n<p>I NIDS arbetar&nbsp;<strong>Annika Nilsson <\/strong>tillsammans med likasinnade konsulter i m\u00e5nga l\u00e4nder.<\/p>\n\n\n\n<p><\/p>\n","protected":false},"excerpt":{"rendered":"<p>NIDS \u00e4r en konsultfirma som bygger sitt arbete p\u00e5&nbsp;m\u00e4nskliga r\u00e4ttigheter och ett starkt&nbsp;engagemang f\u00f6r&nbsp;en h\u00e5llbar utveckling. NIDS hj\u00e4lper organisationer som k\u00e4mpar f\u00f6r m\u00e4nskliga r\u00e4ttigheter att bli mer effektiva. NIDS st\u00f6djer myndigheter och f\u00f6retag att leva upp till sina \u00e5taganden. I NIDS arbetar&nbsp;Annika Nilsson tillsammans med likasinnade konsulter i m\u00e5nga l\u00e4nder.<\/p>\n","protected":false},"author":2,"featured_media":0,"parent":0,"menu_order":1,"comment_status":"closed","ping_status":"closed","template":"","meta":[],"_links":{"self":[{"href":"http:\/\/nids.se\/sv\/wp-json\/wp\/v2\/pages\/607"}],"collection":[{"href":"http:\/\/nids.se\/sv\/wp-json\/wp\/v2\/pages"}],"about":[{"href":"http:\/\/nids.se\/sv\/wp-json\/wp\/v2\/types\/page"}],"author":[{"embeddable":true,"href":"http:\/\/nids.se\/sv\/wp-json\/wp\/v2\/users\/2"}],"replies":[{"embeddable":true,"href":"http:\/\/nids.se\/sv\/wp-json\/wp\/v2\/comments?post=607"}],"version-history":[{"count":7,"href":"http:\/\/nids.se\/sv\/wp-json\/wp\/v2\/pages\/607\/revisions"}],"predecessor-version":[{"id":650,"href":"http:\/\/nids.se\/sv\/wp-json\/wp\/v2\/pages\/607\/revisions\/650"}],"wp:attachment":[{"href":"http:\/\/nids.se\/sv\/wp-json\/wp\/v2\/media?parent=607"}],"curies":[{"name":"wp","href":"https:\/\/api.w.org\/{rel}","templated":true}]}}