{"id":43,"date":"2014-04-28T14:16:10","date_gmt":"2014-04-28T12:16:10","guid":{"rendered":"http:\/\/nids.se\/en\/?page_id=43"},"modified":"2020-10-22T14:20:10","modified_gmt":"2020-10-22T12:20:10","slug":"vad-gor-nids","status":"publish","type":"page","link":"http:\/\/nids.se\/sv\/vad-gor-nids\/","title":{"rendered":"Vad g\u00f6r NIDS?"},"content":{"rendered":"<p>NIDS arbetar f\u00f6r m\u00e4nskliga r\u00e4ttigheter i Sverige och inom det nordiska utvecklingssamarbetet. NIDS har s\u00e4rskild erfarenhet av arbete med barns och ungas r\u00e4ttigheter, r\u00e4ttigheter f\u00f6r m\u00e4nniskor med funktionsneds\u00e4ttning och r\u00e4ttigheter f\u00f6r HBTQ personer.<\/p>\n<p>NIDS g\u00f6r situationsanalyser och genomf\u00f6r utv\u00e4rderingar av utvecklingsprogram och sociala f\u00f6r\u00e4ndringsprocesser. NIDS har erfarenhet av komplexa utv\u00e4rderingsmetoder, r\u00e4ttighetsbaserat arbete (HRBA) och resultatstyrning (RBM). Tillsammans med kollegor i <a href=\"http:\/\/www.melander-schnell-consultants.se\/\">MSC<\/a> har NIDS bist\u00e5tt Sida i att utveckla praktiska verktyg f\u00f6r ett r\u00e4ttighetsbaserat arbete.<\/p>\n<p>NIDS st\u00f6djer organisationer, f\u00f6retag \u00a0och myndigheter att planera och f\u00f6lja upp sitt arbete s\u00e5 att det verkligen leder till resultat som gagnar fattiga och marginaliserade m\u00e4nniskor och st\u00e4rker dem att f\u00f6r\u00e4ndra sin situation.<\/p>\n<p>NIDS deltar i tv\u00e5 av Sidas ramavtal tillsammans med <a href=\"http:\/\/www.niras.com\/business-areas\/development-consulting.aspx\" target=\"_blank\" rel=\"noopener noreferrer\"><span style=\"color: #0066cc;\">Niras<\/span> AB\u00a0<\/a><\/p>\n<ul>\n<li>Ramavtalet f\u00f6r demokratisk styrning och m\u00e4nskliga r\u00e4ttigheter<\/li>\n<li>Ramavtalet f\u00f6r utv\u00e4rderingar<\/li>\n<\/ul>\n","protected":false},"excerpt":{"rendered":"<p>NIDS arbetar f\u00f6r m\u00e4nskliga r\u00e4ttigheter i Sverige och inom det nordiska utvecklingssamarbetet. NIDS har s\u00e4rskild erfarenhet av arbete med barns och ungas r\u00e4ttigheter, r\u00e4ttigheter f\u00f6r m\u00e4nniskor med funktionsneds\u00e4ttning och r\u00e4ttigheter f\u00f6r HBTQ personer. NIDS g\u00f6r situationsanalyser och genomf\u00f6r utv\u00e4rderingar av utvecklingsprogram och sociala f\u00f6r\u00e4ndringsprocesser. NIDS har erfarenhet av komplexa utv\u00e4rderingsmetoder, r\u00e4ttighetsbaserat arbete (HRBA) och resultatstyrning [&hellip;]<\/p>\n","protected":false},"author":1,"featured_media":0,"parent":0,"menu_order":0,"comment_status":"closed","ping_status":"closed","template":"","meta":[],"_links":{"self":[{"href":"http:\/\/nids.se\/sv\/wp-json\/wp\/v2\/pages\/43"}],"collection":[{"href":"http:\/\/nids.se\/sv\/wp-json\/wp\/v2\/pages"}],"about":[{"href":"http:\/\/nids.se\/sv\/wp-json\/wp\/v2\/types\/page"}],"author":[{"embeddable":true,"href":"http:\/\/nids.se\/sv\/wp-json\/wp\/v2\/users\/1"}],"replies":[{"embeddable":true,"href":"http:\/\/nids.se\/sv\/wp-json\/wp\/v2\/comments?post=43"}],"version-history":[{"count":7,"href":"http:\/\/nids.se\/sv\/wp-json\/wp\/v2\/pages\/43\/revisions"}],"predecessor-version":[{"id":572,"href":"http:\/\/nids.se\/sv\/wp-json\/wp\/v2\/pages\/43\/revisions\/572"}],"wp:attachment":[{"href":"http:\/\/nids.se\/sv\/wp-json\/wp\/v2\/media?parent=43"}],"curies":[{"name":"wp","href":"https:\/\/api.w.org\/{rel}","templated":true}]}}