{"id":369,"date":"2014-04-29T14:24:57","date_gmt":"2014-04-29T12:24:57","guid":{"rendered":"http:\/\/nids.se\/en\/?page_id=369"},"modified":"2014-04-29T14:29:44","modified_gmt":"2014-04-29T12:29:44","slug":"sida","status":"publish","type":"page","link":"http:\/\/nids.se\/sv\/tidigare-uppdrag\/sida\/","title":{"rendered":"Sida"},"content":{"rendered":"<p><strong>Exempel p\u00e5 uppdrag f\u00f6r Sida<\/strong><\/p>\n<ol>\n<li>NIDS arbetar tillsammans med\u00a0<a href=\"http:\/\/www.msc.st\/consultants.htm\" target=\"_blank\">MSC<\/a>\u00a0f\u00f6r att st\u00f6dja Sidas medarbetare att\u00a0till\u00e4mpa r\u00e4ttighetsperspektivet praktiskt i sitt arbete. Det\u00a0inneb\u00e4r bl.a. utbildning av\u00a0personal och partners, individuellt st\u00f6d, analyser av sektorprogram och tematisk briefer. Rapporter och verktyg\u00a0finns p\u00e5 en tillf\u00e4llig\u00a0<a href=\"http:\/\/msc.st\/HRBASSAfrica.html\" target=\"_blank\">web-sida<\/a>, som kommer att integreras med Sidas intranet under v\u00e5ren 2012.<\/li>\n<li>NIDS har utv\u00e4rderat Sidas tre-\u00e5riga HBT handlingsplan, i samarbete med\u00a0<a href=\"http:\/\/www.demokratiutveckling.se\/\" target=\"_blank\">Demokratiutveckling.se<\/a>\u00a0, januari 2010.<\/li>\n<li>NIDS har genomf\u00f6rt en baslinje studie av Sidas arbete f\u00f6r m\u00e4nniskor med funktionsneds\u00e4ttning, december 2009.<\/li>\n<li>NIDS har, som underkonsult till\u00a0<a href=\"http:\/\/www.indevelop.se\/\" target=\"_blank\">Indevelop<\/a>,\u00a0genomf\u00f6rt en utv\u00e4rdering av Sidas st\u00f6d till civila samh\u00e4llet i V\u00e4stra Balkan 2005-2010.<\/li>\n<\/ol>\n","protected":false},"excerpt":{"rendered":"<p>Exempel p\u00e5 uppdrag f\u00f6r Sida NIDS arbetar tillsammans med\u00a0MSC\u00a0f\u00f6r att st\u00f6dja Sidas medarbetare att\u00a0till\u00e4mpa r\u00e4ttighetsperspektivet praktiskt i sitt arbete. Det\u00a0inneb\u00e4r bl.a. utbildning av\u00a0personal och partners, individuellt st\u00f6d, analyser av sektorprogram och tematisk briefer. Rapporter och verktyg\u00a0finns p\u00e5 en tillf\u00e4llig\u00a0web-sida, som kommer att integreras med Sidas intranet under v\u00e5ren 2012. NIDS har utv\u00e4rderat Sidas tre-\u00e5riga HBT [&hellip;]<\/p>\n","protected":false},"author":1,"featured_media":0,"parent":332,"menu_order":0,"comment_status":"closed","ping_status":"closed","template":"","meta":[],"_links":{"self":[{"href":"http:\/\/nids.se\/sv\/wp-json\/wp\/v2\/pages\/369"}],"collection":[{"href":"http:\/\/nids.se\/sv\/wp-json\/wp\/v2\/pages"}],"about":[{"href":"http:\/\/nids.se\/sv\/wp-json\/wp\/v2\/types\/page"}],"author":[{"embeddable":true,"href":"http:\/\/nids.se\/sv\/wp-json\/wp\/v2\/users\/1"}],"replies":[{"embeddable":true,"href":"http:\/\/nids.se\/sv\/wp-json\/wp\/v2\/comments?post=369"}],"version-history":[{"count":1,"href":"http:\/\/nids.se\/sv\/wp-json\/wp\/v2\/pages\/369\/revisions"}],"predecessor-version":[{"id":370,"href":"http:\/\/nids.se\/sv\/wp-json\/wp\/v2\/pages\/369\/revisions\/370"}],"up":[{"embeddable":true,"href":"http:\/\/nids.se\/sv\/wp-json\/wp\/v2\/pages\/332"}],"wp:attachment":[{"href":"http:\/\/nids.se\/sv\/wp-json\/wp\/v2\/media?parent=369"}],"curies":[{"name":"wp","href":"https:\/\/api.w.org\/{rel}","templated":true}]}}