{"id":367,"date":"2014-04-29T14:23:27","date_gmt":"2014-04-29T12:23:27","guid":{"rendered":"http:\/\/nids.se\/en\/?page_id=367"},"modified":"2014-04-29T14:33:50","modified_gmt":"2014-04-29T12:33:50","slug":"ovriga-uppdrag","status":"publish","type":"page","link":"http:\/\/nids.se\/sv\/tidigare-uppdrag\/ovriga-uppdrag\/","title":{"rendered":"\u00d6vriga uppdrag"},"content":{"rendered":"<p><strong>Exempel p\u00e5 andra\u00a0uppdrag<\/strong><\/p>\n<ol>\n<li>P\u00e5 uppdrag av Norad, har NIDS\u00a0tillsammans med\u00a0<a href=\"http:\/\/ncg.no\/\" target=\"_blank\">NCG Norge<\/a>\u00a0genomf\u00f6rt en utv\u00e4rdering av det norska bist\u00e5ndet (2000-2010) f\u00f6r\u00a0att st\u00e4rka r\u00e4ttigheterna f\u00f6r m\u00e4nniskor med funktionsneds\u00e4ttning. Vad har gjorts? Vad blev resultatet? Hur g\u00e5r vi vidare? &#8211; var n\u00e5gra av fr\u00e5gest\u00e4llningarna. Rapporten finns ocks\u00e5 i en l\u00e4ttl\u00e4st version. De kan laddas ner\u00a0<em><a href=\"http:\/\/www.norad.no\/en\/tools-and-publications\/publications\/evaluations\/publication?key=389256\" target=\"_blank\">h\u00e4r<\/a><\/em>.<\/li>\n<li>NIDS har, tillsammans med Lennart Peck \u2013 Boman&amp;Peck \u2013 utv\u00e4rderat Civil Rights Defenders\u2019 icke-diskrimineringsprogram i \u00d6steuropa (2008).<\/li>\n<li>NIDS har utv\u00e4rderat Forum Syds program i Vitryssland (2009).<\/li>\n<li>NIDS har givit st\u00f6d till Legal Human Rights Center i Tanzania i deras arbete med att utveckla ett resultatbaserat planerings- och uppf\u00f6ljningssystem och ett r\u00e4ttighetsbaserat arbetss\u00e4tt (2009-2010).<\/li>\n<li>NIDS var rapport\u00f6r vid m\u00f6tet om Paris Agendan och civila samh\u00e4llets roll i H\u00e4rn\u00f6sand (2007).<\/li>\n<\/ol>\n","protected":false},"excerpt":{"rendered":"<p>Exempel p\u00e5 andra\u00a0uppdrag P\u00e5 uppdrag av Norad, har NIDS\u00a0tillsammans med\u00a0NCG Norge\u00a0genomf\u00f6rt en utv\u00e4rdering av det norska bist\u00e5ndet (2000-2010) f\u00f6r\u00a0att st\u00e4rka r\u00e4ttigheterna f\u00f6r m\u00e4nniskor med funktionsneds\u00e4ttning. Vad har gjorts? Vad blev resultatet? Hur g\u00e5r vi vidare? &#8211; var n\u00e5gra av fr\u00e5gest\u00e4llningarna. Rapporten finns ocks\u00e5 i en l\u00e4ttl\u00e4st version. De kan laddas ner\u00a0h\u00e4r. NIDS har, tillsammans med [&hellip;]<\/p>\n","protected":false},"author":1,"featured_media":0,"parent":332,"menu_order":0,"comment_status":"closed","ping_status":"closed","template":"","meta":[],"_links":{"self":[{"href":"http:\/\/nids.se\/sv\/wp-json\/wp\/v2\/pages\/367"}],"collection":[{"href":"http:\/\/nids.se\/sv\/wp-json\/wp\/v2\/pages"}],"about":[{"href":"http:\/\/nids.se\/sv\/wp-json\/wp\/v2\/types\/page"}],"author":[{"embeddable":true,"href":"http:\/\/nids.se\/sv\/wp-json\/wp\/v2\/users\/1"}],"replies":[{"embeddable":true,"href":"http:\/\/nids.se\/sv\/wp-json\/wp\/v2\/comments?post=367"}],"version-history":[{"count":1,"href":"http:\/\/nids.se\/sv\/wp-json\/wp\/v2\/pages\/367\/revisions"}],"predecessor-version":[{"id":368,"href":"http:\/\/nids.se\/sv\/wp-json\/wp\/v2\/pages\/367\/revisions\/368"}],"up":[{"embeddable":true,"href":"http:\/\/nids.se\/sv\/wp-json\/wp\/v2\/pages\/332"}],"wp:attachment":[{"href":"http:\/\/nids.se\/sv\/wp-json\/wp\/v2\/media?parent=367"}],"curies":[{"name":"wp","href":"https:\/\/api.w.org\/{rel}","templated":true}]}}