{"id":363,"date":"2014-04-29T14:18:52","date_gmt":"2014-04-29T12:18:52","guid":{"rendered":"http:\/\/nids.se\/en\/?page_id=363"},"modified":"2016-10-16T21:36:49","modified_gmt":"2016-10-16T19:36:49","slug":"arbetspartners","status":"publish","type":"page","link":"http:\/\/nids.se\/sv\/arbetspartners\/","title":{"rendered":"Arbetspartners"},"content":{"rendered":"<p><strong>NIDS<\/strong>\u00a0samarbetar med ett\u00a0n\u00e4tverk av likasinnade konsulter i Afrika, Asien, \u00d6steuropa och MENA regionen. NIDS har ocks\u00e5 ett n\u00e4ra samarbetet med:<\/p>\n<p><a href=\"http:\/\/www.msc.st\/index.htm\" target=\"_blank\"><strong>Melander Schnell Consultants (MSC)<\/strong><\/a>\u00a0&#8211; MSC best\u00e5r av Anna Schnell och Erik Melander. MSC g\u00f6r analyser, utvecklar metoder och bygger kapacitet inom omr\u00e5dena civila samh\u00e4llet, r\u00e4ttighetsbaserat arbete, uppf\u00f6ljning av myndigheters policy, fred och s\u00e4kerhet, och resultatbaserat arbete (RBM).<\/p>\n<p><a href=\"http:\/\/www.niras.com\/business-areas\/development-consulting.aspx\"><strong><span style=\"color: #0066cc;\">Niras<\/span><\/strong><span style=\"color: #0066cc;\"><\/span><\/a> &#8211; Niras \u00e4r ett stort f\u00f6retag med \u00f6ver 40 \u00e5rs erfarenhet av konsultverksamhet inom utvecklingssamarbetet. Niras arbetar med tekniskt r\u00e5dgivning och projektst\u00f6d f\u00f6r utvecklingsprogram \u00f6ver hela v\u00e4rlden.\u00a0Niras arbetar i Afrika, Asien, Europa och\u00a0Latin Amerika inom ett stort antal sektorer och teman. Niras \u00e4r en av de st\u00f6rsta Europeiska konsultf\u00f6retagen inom sitt omr\u00e5de.<\/p>\n<p><a href=\"http:\/\/www.shia.se\/index.php?l=sv&amp;p=288\" target=\"_blank\"><strong>My Right<\/strong><\/a>\u00a0\u2013 My Right \u00e4r en religi\u00f6st och politiskt obunden ideell f\u00f6rening som bildades 1981 under FN:s internationella handikapp\u00e5r. Shia best\u00e5r i dag av 30 svenska handikapporganisationer som \u00e4r aktiva i internationellt utvecklingssamarbete. M\u00e5let f\u00f6r Shias arbete \u00e4r att st\u00f6dja det arbete som m\u00e4nniskor med funktionsneds\u00e4ttning och deras organisationer bedriver f\u00f6r \u00f6kade r\u00e4ttigheter, j\u00e4mlikhet och delaktighet.<\/p>\n<p><a href=\"http:\/\/atlas-alliansen.no\/Om-Atlas-alliansen\" target=\"_blank\"><strong>Atlas-alliansen<\/strong>\u00a0<\/a>&#8211; Atlas-alliansen er en stiftelse av 16 organisasjoner av funksjonshemmede i Norge som er involvert i internasjonalt bistandsarbeid. Atlas-alliansen\u00a0bruker egne erfaringer og kompetanse b\u00e5de i kampen mot tuberkulose og for \u00e5 bedre funksjonshemmedes levek\u00e5r i fattige land.<\/p>\n<p><strong><a href=\"http:\/\/www.rfsl.se\/?p=109\" target=\"_blank\">RFSL<\/a><\/strong>\u00a0&#8211; Riksf\u00f6rbundet f\u00f6r homosexuellas, bisexuellas och transpersoners r\u00e4ttigheter bildades f\u00f6r mer \u00e4n 60 \u00e5r sedan. RFSL har 29 lokalavdelningar och arbetar f\u00f6r att homosexuella, bisexuella och transpersoner ska ha samma r\u00e4ttigheter, m\u00f6jligheter och skyldigheter som andra. Arbetet f\u00f6r detta sker genom politiskt p\u00e5verkan, informationsarbete och sociala och st\u00f6djande verksamheter. RFSL arbetar b\u00e5de i Sverige och internationellt.<\/p>\n<p>&nbsp;<\/p>\n","protected":false},"excerpt":{"rendered":"<p>NIDS\u00a0samarbetar med ett\u00a0n\u00e4tverk av likasinnade konsulter i Afrika, Asien, \u00d6steuropa och MENA regionen. NIDS har ocks\u00e5 ett n\u00e4ra samarbetet med: Melander Schnell Consultants (MSC)\u00a0&#8211; MSC best\u00e5r av Anna Schnell och Erik Melander. MSC g\u00f6r analyser, utvecklar metoder och bygger kapacitet inom omr\u00e5dena civila samh\u00e4llet, r\u00e4ttighetsbaserat arbete, uppf\u00f6ljning av myndigheters policy, fred och s\u00e4kerhet, och resultatbaserat [&hellip;]<\/p>\n","protected":false},"author":1,"featured_media":0,"parent":0,"menu_order":0,"comment_status":"closed","ping_status":"closed","template":"","meta":[],"_links":{"self":[{"href":"http:\/\/nids.se\/sv\/wp-json\/wp\/v2\/pages\/363"}],"collection":[{"href":"http:\/\/nids.se\/sv\/wp-json\/wp\/v2\/pages"}],"about":[{"href":"http:\/\/nids.se\/sv\/wp-json\/wp\/v2\/types\/page"}],"author":[{"embeddable":true,"href":"http:\/\/nids.se\/sv\/wp-json\/wp\/v2\/users\/1"}],"replies":[{"embeddable":true,"href":"http:\/\/nids.se\/sv\/wp-json\/wp\/v2\/comments?post=363"}],"version-history":[{"count":5,"href":"http:\/\/nids.se\/sv\/wp-json\/wp\/v2\/pages\/363\/revisions"}],"predecessor-version":[{"id":513,"href":"http:\/\/nids.se\/sv\/wp-json\/wp\/v2\/pages\/363\/revisions\/513"}],"wp:attachment":[{"href":"http:\/\/nids.se\/sv\/wp-json\/wp\/v2\/media?parent=363"}],"curies":[{"name":"wp","href":"https:\/\/api.w.org\/{rel}","templated":true}]}}