{"id":359,"date":"2014-04-29T14:17:21","date_gmt":"2014-04-29T12:17:21","guid":{"rendered":"http:\/\/nids.se\/en\/?page_id=359"},"modified":"2014-04-29T14:33:39","modified_gmt":"2014-04-29T12:33:39","slug":"handikapprorelsen","status":"publish","type":"page","link":"http:\/\/nids.se\/sv\/tidigare-uppdrag\/handikapprorelsen\/","title":{"rendered":"Handikappr\u00f6relsen"},"content":{"rendered":"<p><strong>Exempel p\u00e5 uppdrag f\u00f6r Handikappr\u00f6relsen i Norden (SHIA, Atlas Alliansen och DSI)<\/strong><\/p>\n<ol>\n<li>NIDS var, p\u00e5 uppdrag av SHIA, medansvarig f\u00f6r planering och genomf\u00f6rande av Sidas f\u00f6rsta ITP kurser om M\u00e4nskliga r\u00e4ttigheter f\u00f6r personer med funktionsneds\u00e4ttning (2007-2008)<\/li>\n<li>NIDS har arbetat med organisationsst\u00f6d till handikapporganisationer i Afrika, Asien, Latinamerika och \u00d6steruropa.<\/li>\n<li>NIDS har koordinerat en\u00a0<a href=\"http:\/\/digitalcommons.ilr.cornell.edu\/gladnetcollect\/315\/\" target=\"_blank\">studie av framg\u00e5ngsrika projekt\u00a0<\/a>f\u00f6r m\u00e4nniskor med utvecklingsst\u00f6rning i\u00a0Indien, Kenya, Rum\u00e4nien och Sydafrika \u201dSuccessful projects \u2013 what makes them work\u201d.\u00a0\u00a0Forskare i de fyra l\u00e4nderna samlade erfarenheter fr\u00e5n framg\u00e5ngsrika projekt i sina respektive l\u00e4nder och drog gemensamma slutsatser. Inclusion International var uppdragsgivare. Professor Anders Gustavsson, Stockholms Universitet och professor Johans Sandvin, Bod\u00f6 H\u00f6gskola var vetenskapliga r\u00e5dgivare. Studien publicerades 2007. Det finns ocks\u00e5 en l\u00e4ttl\u00e4st version av rapporten.<\/li>\n<li>NIDS har genomf\u00f6rt en studie av\u00a0<a href=\"http:\/\/www.lcd-enar.org\/files\/u1\/WHO_CBR_as_we_have_experienced_it_part1.pdf\" target=\"_blank\">CBR (Community Based Rehabilitation) fr\u00e5n ett anv\u00e4ndarperspektiv\u00a0<\/a>p\u00e5 uppdrag av WHO och Shia. NIDS har ocks\u00e5 utv\u00e4rderat det stora norsk\/svenska st\u00f6det till CBR programmet i V\u00e4stbanken och Gaza.<\/li>\n<li>NIDS har genomf\u00f6rt utv\u00e4rderingar av partnerskap, av metoder och st\u00f6dformer, av effekter\u00a0av insatser p\u00e5 processer och attityder samt p\u00e5 inkludering av personer med funktionsneds\u00e4ttning i samh\u00e4llets olika delar.<\/li>\n<\/ol>\n","protected":false},"excerpt":{"rendered":"<p>Exempel p\u00e5 uppdrag f\u00f6r Handikappr\u00f6relsen i Norden (SHIA, Atlas Alliansen och DSI) NIDS var, p\u00e5 uppdrag av SHIA, medansvarig f\u00f6r planering och genomf\u00f6rande av Sidas f\u00f6rsta ITP kurser om M\u00e4nskliga r\u00e4ttigheter f\u00f6r personer med funktionsneds\u00e4ttning (2007-2008) NIDS har arbetat med organisationsst\u00f6d till handikapporganisationer i Afrika, Asien, Latinamerika och \u00d6steruropa. NIDS har koordinerat en\u00a0studie av framg\u00e5ngsrika [&hellip;]<\/p>\n","protected":false},"author":1,"featured_media":0,"parent":332,"menu_order":0,"comment_status":"closed","ping_status":"closed","template":"","meta":[],"_links":{"self":[{"href":"http:\/\/nids.se\/sv\/wp-json\/wp\/v2\/pages\/359"}],"collection":[{"href":"http:\/\/nids.se\/sv\/wp-json\/wp\/v2\/pages"}],"about":[{"href":"http:\/\/nids.se\/sv\/wp-json\/wp\/v2\/types\/page"}],"author":[{"embeddable":true,"href":"http:\/\/nids.se\/sv\/wp-json\/wp\/v2\/users\/1"}],"replies":[{"embeddable":true,"href":"http:\/\/nids.se\/sv\/wp-json\/wp\/v2\/comments?post=359"}],"version-history":[{"count":1,"href":"http:\/\/nids.se\/sv\/wp-json\/wp\/v2\/pages\/359\/revisions"}],"predecessor-version":[{"id":360,"href":"http:\/\/nids.se\/sv\/wp-json\/wp\/v2\/pages\/359\/revisions\/360"}],"up":[{"embeddable":true,"href":"http:\/\/nids.se\/sv\/wp-json\/wp\/v2\/pages\/332"}],"wp:attachment":[{"href":"http:\/\/nids.se\/sv\/wp-json\/wp\/v2\/media?parent=359"}],"curies":[{"name":"wp","href":"https:\/\/api.w.org\/{rel}","templated":true}]}}