{"id":332,"date":"2014-04-28T20:16:22","date_gmt":"2014-04-28T18:16:22","guid":{"rendered":"http:\/\/nids.se\/en\/?page_id=332"},"modified":"2020-10-22T14:35:10","modified_gmt":"2020-10-22T12:35:10","slug":"tidigare-uppdrag","status":"publish","type":"page","link":"http:\/\/nids.se\/sv\/tidigare-uppdrag\/","title":{"rendered":"Tidigare uppdrag"},"content":{"rendered":"<p>NIDS har haft ett 80 tal uppdrag f\u00f6r olika bist\u00e5nds- och m\u00e4nskliga\u00a0 r\u00e4ttighetsorganisationer som t.ex.<\/p>\n<ul>\n<li>F\u00f6r <strong>Sida och Svenska ambassader<\/strong> har Annika bl.a. utv\u00e4rderat landstrategin i Zimbabwe, st\u00f6det till den Serbiska j\u00e4mst\u00e4lldhets policyn, st\u00f6det till Sydafrikas HIV\/AIDS program, Sidas handlingsplan f\u00f6r hbtq-r\u00e4ttigheter, den svenska strategin f\u00f6r speciella insatser f\u00f6r demokrati och yttrandefrihet samt st\u00f6det till International Disability Alliance och till CSO Partnership for Development Effectiveness. Annika har \u00e4ven genomf\u00f6r studier av det svenska st\u00f6det till och genom civila samh\u00e4llets organisationer samt Sidas arbete med riskhantering. De flesta av dessa finns att l\u00e4sa p\u00e5 Sidas hemsida.<\/li>\n<li>F\u00f6r <strong>Norad<\/strong> har Annika kartlagt och utv\u00e4rderat det norska st\u00f6det till r\u00e4ttigheter f\u00f6r m\u00e4nniskor med funktionsneds\u00e4ttning och genomf\u00f6r 2020 en uppf\u00f6ljning av denna kartl\u00e4ggning.<\/li>\n<li>F\u00f6r <strong>R\u00e4dda Barnen<\/strong> har Annika utv\u00e4rderat det svenska arbetet mot barnfattigdom och st\u00f6ttat lokalf\u00f6reningar i deras p\u00e5verkansarbete. Annika har varit projektledare f\u00f6r utvecklingen av R\u00e4dda Barnens policy &#8221;Kompassen&#8221; samt utv\u00e4rderat de internationella programmen i Tanzania\/Zanzibar, Etiopien och Nepal.<\/li>\n<li>F\u00f6r <strong>handikappr\u00f6relsen<\/strong> i Sverige, Norge, Danmark och Sydafrika har Annika och Lennart arbetat med b\u00e5de utv\u00e4rderingar och strategiskt planeringsst\u00f6d. Annika har vid tre tillf\u00e4llen utv\u00e4rderat programmet f\u00f6r m\u00e4nniskor med funktionsneds\u00e4ttning i Palestina som st\u00f6ds av Diakonia och Norska Handikappf\u00f6rbundet (NHF). Den senaste utv\u00e4rderingen p\u00e5g\u00e5r 2020.<\/li>\n<li>F\u00f6r <strong>Civil Rights Defenders<\/strong> har Annika utv\u00e4rderat icke-diskrimineringsprogrammet i \u00d6steuropa\/Balkan.<\/li>\n<li>F\u00f6r <strong>Forum Syd<\/strong> har Annika utv\u00e4rderat landprogrammet i Belarus.<\/li>\n<\/ul>\n","protected":false},"excerpt":{"rendered":"<p>NIDS har haft ett 80 tal uppdrag f\u00f6r olika bist\u00e5nds- och m\u00e4nskliga\u00a0 r\u00e4ttighetsorganisationer som t.ex. F\u00f6r Sida och Svenska ambassader har Annika bl.a. utv\u00e4rderat landstrategin i Zimbabwe, st\u00f6det till den Serbiska j\u00e4mst\u00e4lldhets policyn, st\u00f6det till Sydafrikas HIV\/AIDS program, Sidas handlingsplan f\u00f6r hbtq-r\u00e4ttigheter, den svenska strategin f\u00f6r speciella insatser f\u00f6r demokrati och yttrandefrihet samt st\u00f6det till [&hellip;]<\/p>\n","protected":false},"author":1,"featured_media":0,"parent":0,"menu_order":0,"comment_status":"closed","ping_status":"closed","template":"","meta":[],"_links":{"self":[{"href":"http:\/\/nids.se\/sv\/wp-json\/wp\/v2\/pages\/332"}],"collection":[{"href":"http:\/\/nids.se\/sv\/wp-json\/wp\/v2\/pages"}],"about":[{"href":"http:\/\/nids.se\/sv\/wp-json\/wp\/v2\/types\/page"}],"author":[{"embeddable":true,"href":"http:\/\/nids.se\/sv\/wp-json\/wp\/v2\/users\/1"}],"replies":[{"embeddable":true,"href":"http:\/\/nids.se\/sv\/wp-json\/wp\/v2\/comments?post=332"}],"version-history":[{"count":5,"href":"http:\/\/nids.se\/sv\/wp-json\/wp\/v2\/pages\/332\/revisions"}],"predecessor-version":[{"id":577,"href":"http:\/\/nids.se\/sv\/wp-json\/wp\/v2\/pages\/332\/revisions\/577"}],"wp:attachment":[{"href":"http:\/\/nids.se\/sv\/wp-json\/wp\/v2\/media?parent=332"}],"curies":[{"name":"wp","href":"https:\/\/api.w.org\/{rel}","templated":true}]}}